{"id":1085,"date":"2017-12-08T03:03:58","date_gmt":"2017-12-08T02:03:58","guid":{"rendered":"http:\/\/fussball99.de\/?page_id=1085"},"modified":"2024-01-06T17:18:21","modified_gmt":"2024-01-06T16:18:21","slug":"schiedsrichter","status":"publish","type":"page","link":"https:\/\/seeburger-sv99.de\/web\/fussball\/schiedsrichter\/","title":{"rendered":"Schiedsrichter"},"content":{"rendered":"<p>[et_pb_section fb_built=&#8220;1&#8243; _builder_version=&#8220;3.22&#8243;][et_pb_row _builder_version=&#8220;3.25&#8243; background_size=&#8220;initial&#8220; background_position=&#8220;top_left&#8220; background_repeat=&#8220;repeat&#8220; custom_margin=&#8220;|auto||332px||&#8220; custom_padding=&#8220;|||0px||&#8220;][et_pb_column type=&#8220;4_4&#8243; _builder_version=&#8220;3.25&#8243; custom_padding=&#8220;|||&#8220; custom_padding__hover=&#8220;|||&#8220;][et_pb_text _builder_version=&#8220;3.27.4&#8243;]<\/p>\n<p class=\"ydp73ba0cd6yiv7993153979ydp668dbf2cMsoNormal\"><b><span>Schiedsrichter-Koordination<\/span><\/b><span><\/span><\/p>\n<p class=\"ydp73ba0cd6yiv7993153979ydp668dbf2cMsoNormal\"><span style=\"font-size: 14px;\">Du willst Schiedsrichter werden? Dann melde dich bei uns. Sie wird dir gerne alle deine Fragen beantworten.<\/span><\/p>\n<p class=\"ydp73ba0cd6yiv7993153979ydp668dbf2cMsoNormal\"><span>Der Seeburger SV \u00fcbernimmt:<\/span><\/p>\n<ul type=\"disc\">\n<li class=\"ydp73ba0cd6yiv7993153979ydp668dbf2cMsoNormal\"><span>Ausbildungskosten<\/span><\/li>\n<li class=\"ydp73ba0cd6yiv7993153979ydp668dbf2cMsoNormal\"><span>Erstausstattung bis 100,00 \u20ac<\/span><\/li>\n<li class=\"ydp73ba0cd6yiv7993153979ydp668dbf2cMsoNormal\"><span>Betreuung der Schiedsrichter<\/span><\/li>\n<li class=\"ydp73ba0cd6yiv7993153979ydp668dbf2cMsoNormal\"><span>Fortbildungskosten<\/span><\/li>\n<\/ul>\n<p class=\"ydp73ba0cd6yiv7993153979ydp668dbf2cMsoNormal\"><span>Der Schiedsrichter \u00fcbernimmt im Fu\u00dfball die Leitung des Spiels und sorgt f\u00fcr die Einhaltung aller Regeln. Er ist fester Bestandteil des Spiels und tr\u00e4gt eine hohe Verantwortung. <\/span><\/p>\n<p class=\"ydp73ba0cd6yiv7993153979ydp668dbf2cMsoNormal\"><span>Ziel unseres Vereins ist, das Schiedsrichterwesen zu pflegen und weiter aufzubauen. Unsere Schiedsrichter werden durch den Schiedsrichterobmann, sowohl intern, als auch extern, vertreten. <\/span><\/p>\n<p class=\"ydp73ba0cd6yiv7993153979ydp668dbf2cMsoNormal\">Ansprechpartner: Peter Wersig, Tel. 0176 &#8211; 42 02 06 11, E-Mail: <a href=\"mailto:info@seeburger-sv99.de\">info@seeburger-sv99.de<\/a><\/p>\n<p class=\"ydp73ba0cd6yiv7993153979ydp668dbf2cMsoNormal\"><span><\/span><\/p>\n<p class=\"ydp73ba0cd6yiv7993153979ydp668dbf2cMsoNormal\"><span><\/span><\/p>\n<p class=\"ydp73ba0cd6yiv7993153979ydp668dbf2cMsoNormal\"><span><\/span><\/p>\n<p>[\/et_pb_text][\/et_pb_column][\/et_pb_row][\/et_pb_section]<\/p>\n","protected":false},"excerpt":{"rendered":"<p>[et_pb_section fb_built=&#8220;1&#8243; _builder_version=&#8220;3.22&#8243;][et_pb_row _builder_version=&#8220;3.25&#8243; background_size=&#8220;initial&#8220; background_position=&#8220;top_left&#8220; background_repeat=&#8220;repeat&#8220; custom_margin=&#8220;|auto||332px||&#8220; custom_padding=&#8220;|||0px||&#8220;][et_pb_column type=&#8220;4_4&#8243; _builder_version=&#8220;3.25&#8243; custom_padding=&#8220;|||&#8220; custom_padding__hover=&#8220;|||&#8220;][et_pb_text _builder_version=&#8220;3.27.4&#8243;] Schiedsrichter-Koordination Du willst Schiedsrichter werden? Dann melde dich bei uns. Sie wird dir gerne alle deine Fragen beantworten. Der Seeburger SV \u00fcbernimmt: Ausbildungskosten Erstausstattung bis 100,00 \u20ac Betreuung der Schiedsrichter Fortbildungskosten Der Schiedsrichter \u00fcbernimmt im Fu\u00dfball die Leitung des Spiels und [&hellip;]<\/p>\n","protected":false},"author":1,"featured_media":0,"parent":107,"menu_order":0,"comment_status":"closed","ping_status":"closed","template":"","meta":{"_et_pb_use_builder":"on","_et_pb_old_content":"","_et_gb_content_width":"","footnotes":""},"class_list":["post-1085","page","type-page","status-publish","hentry"],"publishpress_future_action":{"enabled":false,"date":"2026-05-06 04:10:44","action":"change-status","newStatus":"draft","terms":[],"taxonomy":"","extraData":[]},"publishpress_future_workflow_manual_trigger":{"enabledWorkflows":[]},"_links":{"self":[{"href":"https:\/\/seeburger-sv99.de\/web\/wp-json\/wp\/v2\/pages\/1085","targetHints":{"allow":["GET"]}}],"collection":[{"href":"https:\/\/seeburger-sv99.de\/web\/wp-json\/wp\/v2\/pages"}],"about":[{"href":"https:\/\/seeburger-sv99.de\/web\/wp-json\/wp\/v2\/types\/page"}],"author":[{"embeddable":true,"href":"https:\/\/seeburger-sv99.de\/web\/wp-json\/wp\/v2\/users\/1"}],"replies":[{"embeddable":true,"href":"https:\/\/seeburger-sv99.de\/web\/wp-json\/wp\/v2\/comments?post=1085"}],"version-history":[{"count":11,"href":"https:\/\/seeburger-sv99.de\/web\/wp-json\/wp\/v2\/pages\/1085\/revisions"}],"predecessor-version":[{"id":3592,"href":"https:\/\/seeburger-sv99.de\/web\/wp-json\/wp\/v2\/pages\/1085\/revisions\/3592"}],"up":[{"embeddable":true,"href":"https:\/\/seeburger-sv99.de\/web\/wp-json\/wp\/v2\/pages\/107"}],"wp:attachment":[{"href":"https:\/\/seeburger-sv99.de\/web\/wp-json\/wp\/v2\/media?parent=1085"}],"curies":[{"name":"wp","href":"https:\/\/api.w.org\/{rel}","templated":true}]}}