{"id":169,"date":"2017-12-03T21:18:06","date_gmt":"2017-12-03T20:18:06","guid":{"rendered":"http:\/\/fussball99.de\/?page_id=169"},"modified":"2024-09-02T14:37:14","modified_gmt":"2024-09-02T12:37:14","slug":"sponsoren","status":"publish","type":"page","link":"https:\/\/seeburger-sv99.de\/web\/infos\/sponsoren\/","title":{"rendered":"Sponsoren"},"content":{"rendered":"<p>[et_pb_section fb_built=&#8220;1&#8243; _builder_version=&#8220;4.4.8&#8243;][et_pb_row _builder_version=&#8220;4.4.8&#8243;][et_pb_column _builder_version=&#8220;4.4.8&#8243; type=&#8220;4_4&#8243;][et_pb_blurb title=&#8220;Sponsoring beim Seeburger SV&#8220; _builder_version=&#8220;4.4.8&#8243; hover_enabled=&#8220;0&#8243; custom_padding=&#8220;6px|||||&#8220;]<\/p>\n<p>Sponsoring ist ein <b>GEBEN<\/b> und <b>NEHMEN<\/b>. F\u00fcr alle Geld- und Sachzuwendungen k\u00f6nnen wir als gemeinn\u00fctziger Verein eine steuerlich absetzbare Spendenquittung ausstellen. Auch besteht f\u00fcr Unternehmen den Sponsoringbetrag als Werbungskosten in den Betriebsausgaben abzusetzen.<\/p>\n<p><span size=\"4\" style=\"font-size: large;\"><b>Geldspenden<\/b><\/span><\/p>\n<p>Bei Geldspenden verwenden wir diese u.a. f\u00fcr Projekte, Sportplatzausstattung und die Anschaffung von notwendigen Trainingsmaterialien. Hierf\u00fcr stellen wir f\u00fcr Unternehmen oder Privatpersonen eine steuerlich absetzbare Spendenquittung aus. Es k\u00f6nnen auch zweckgebundene Spenden f\u00fcr z.B. eine bestimmte Mannschaft zu besonderen sportlichen Zwecken gegeben werden.<\/p>\n<p><span size=\"4\" style=\"font-size: large;\"><b>Trikotagenspenden<\/b><\/span><\/p>\n<p>Bei Trikotagenspenden, wie Spielertrikots, Trainingsanz\u00fcge, Regenjacken oder Winterjacken wird die Trikotage mit dem Logo des Sponsors bedruckt. Hierdurch wird die Werbung auf unserem Sportplatz sowie bei Ausw\u00e4rtsspielen in unserer Umgebung pr\u00e4sentiert, da unsere Mannschaften mehrheitlich gegen Vereine aus unserer Gegend spielen.<\/p>\n<p>In Absprachen werden wir Bilder mit dem Sponsor und der Mannschaft bei der Trikot\u00fcbergabe machen und diese zusammen mit der Nennung des Unternehmens und unserem Dank auf unseren Facebook- und Instagramseiten ver\u00f6ffentlichen. Auch besteht die M\u00f6glichkeit die Spende als Pressemitteilung an die lokalen Medien zu geben. Das Logo des Sponsors wird auf der Startseite unseres Internetauftritts aufgef\u00fchrt.<\/p>\n<p><span size=\"4\" style=\"font-size: large;\"><b>Werbung auf dem Sportplatz<\/b><\/span><\/p>\n<p>Alle Sponsoren werden auf unserer Sponsorentafel mit ihrem Logo bekannt gegeben.<\/p>\n<p>Ferner besteht die M\u00f6glichkeit ein Werbebanner als Bandenwerbung (5m x 1m) auf unserem Sportplatz gegen Geb\u00fchr f\u00fcr eine vereinbarte Laufzeit anzubringen.<\/p>\n<p><b>Ansprechpartner:<\/b><\/p>\n<p>Peter Wersig<\/p>\n<p>1.Vorsitzender<\/p>\n<p>Seeburger SV<\/p>\n<p>Telefon 0176-42020611<\/p>\n<p>E-Mail peter.wersig@seeburger-sv99.de<\/p>\n<p>&nbsp;<\/p>\n<p>[\/et_pb_blurb][\/et_pb_column][\/et_pb_row][\/et_pb_section]<\/p>\n","protected":false},"excerpt":{"rendered":"<p>[et_pb_section fb_built=&#8220;1&#8243; _builder_version=&#8220;4.4.8&#8243;][et_pb_row _builder_version=&#8220;4.4.8&#8243;][et_pb_column _builder_version=&#8220;4.4.8&#8243; type=&#8220;4_4&#8243;][et_pb_blurb title=&#8220;Sponsoring beim Seeburger SV&#8220; _builder_version=&#8220;4.4.8&#8243; hover_enabled=&#8220;0&#8243; custom_padding=&#8220;6px|||||&#8220;] Sponsoring ist ein GEBEN und NEHMEN. F\u00fcr alle Geld- und Sachzuwendungen k\u00f6nnen wir als gemeinn\u00fctziger Verein eine steuerlich absetzbare Spendenquittung ausstellen. Auch besteht f\u00fcr Unternehmen den Sponsoringbetrag als Werbungskosten in den Betriebsausgaben abzusetzen. Geldspenden Bei Geldspenden verwenden wir diese u.a. f\u00fcr Projekte, [&hellip;]<\/p>\n","protected":false},"author":1,"featured_media":0,"parent":160,"menu_order":0,"comment_status":"closed","ping_status":"closed","template":"","meta":{"_et_pb_use_builder":"on","_et_pb_old_content":"","_et_gb_content_width":"","footnotes":""},"class_list":["post-169","page","type-page","status-publish","hentry"],"publishpress_future_action":{"enabled":false,"date":"2026-05-24 07:31:46","action":"change-status","newStatus":"draft","terms":[],"taxonomy":"","extraData":[]},"publishpress_future_workflow_manual_trigger":{"enabledWorkflows":[]},"_links":{"self":[{"href":"https:\/\/seeburger-sv99.de\/web\/wp-json\/wp\/v2\/pages\/169","targetHints":{"allow":["GET"]}}],"collection":[{"href":"https:\/\/seeburger-sv99.de\/web\/wp-json\/wp\/v2\/pages"}],"about":[{"href":"https:\/\/seeburger-sv99.de\/web\/wp-json\/wp\/v2\/types\/page"}],"author":[{"embeddable":true,"href":"https:\/\/seeburger-sv99.de\/web\/wp-json\/wp\/v2\/users\/1"}],"replies":[{"embeddable":true,"href":"https:\/\/seeburger-sv99.de\/web\/wp-json\/wp\/v2\/comments?post=169"}],"version-history":[{"count":6,"href":"https:\/\/seeburger-sv99.de\/web\/wp-json\/wp\/v2\/pages\/169\/revisions"}],"predecessor-version":[{"id":3700,"href":"https:\/\/seeburger-sv99.de\/web\/wp-json\/wp\/v2\/pages\/169\/revisions\/3700"}],"up":[{"embeddable":true,"href":"https:\/\/seeburger-sv99.de\/web\/wp-json\/wp\/v2\/pages\/160"}],"wp:attachment":[{"href":"https:\/\/seeburger-sv99.de\/web\/wp-json\/wp\/v2\/media?parent=169"}],"curies":[{"name":"wp","href":"https:\/\/api.w.org\/{rel}","templated":true}]}}