{"id":1882,"date":"2018-02-12T09:24:20","date_gmt":"2018-02-12T08:24:20","guid":{"rendered":"http:\/\/fussball99.de\/web\/?page_id=1882"},"modified":"2018-05-22T07:53:14","modified_gmt":"2018-05-22T05:53:14","slug":"fussballplatz","status":"publish","type":"page","link":"https:\/\/seeburger-sv99.de\/web\/fussballplatz\/","title":{"rendered":"Fussballplatz"},"content":{"rendered":"<p>[et_pb_section bb_built=&#8220;1&#8243; _builder_version=&#8220;3.0.47&#8243;][et_pb_row _builder_version=&#8220;3.0.47&#8243; background_size=&#8220;initial&#8220; background_position=&#8220;top_left&#8220; background_repeat=&#8220;repeat&#8220;][et_pb_column type=&#8220;2_3&#8243;][et_pb_code _builder_version=&#8220;3.0.92&#8243;]Der Rasenplatz befindet sich am Ortsrand von Seeburg. Das Gro\u00dffeld (95 x 54 m) ist mit einer Flutlichtanlage versehen.&lt;!&#8211; [et_pb_line_break_holder] &#8211;&gt;&lt;br&gt;&lt;bR&gt;&lt;!&#8211; [et_pb_line_break_holder] &#8211;&gt;&lt;img src=&quot;https:\/\/seeburger-sv99.de\/fotoplatz1.gif&quot;&gt;&lt;!&#8211; [et_pb_line_break_holder] &#8211;&gt;&lt;!&#8211; [et_pb_line_break_holder] &#8211;&gt;&lt;bR&gt;&lt;bR&gt;&lt;!&#8211; [et_pb_line_break_holder] &#8211;&gt;&lt;!&#8211; [et_pb_line_break_holder] &#8211;&gt;&lt;!&#8211; [et_pb_line_break_holder] &#8211;&gt;&lt;!&#8211; [et_pb_line_break_holder] &#8211;&gt;&lt;!&#8211; [et_pb_line_break_holder] &#8211;&gt;Zum Umkleiden stehen vier Container f\u00fcr die Spieler zur Verf\u00fcgung. Ein Container ist mit drei Duschen ausgestattet. Ferner existiert ein Umkleidecontainer f\u00fcr die Schiedsrichter.&lt;!&#8211; [et_pb_line_break_holder] &#8211;&gt;&lt;!&#8211; [et_pb_line_break_holder] &#8211;&gt;&lt;!&#8211; [et_pb_line_break_holder] &#8211;&gt;&lt;br&gt;&lt;bR&gt;&lt;!&#8211; [et_pb_line_break_holder] &#8211;&gt;&lt;img src=&quot;https:\/\/seeburger-sv99.de\/fotoplatz2.gif&quot;&gt;&lt;!&#8211; [et_pb_line_break_holder] &#8211;&gt;&lt;!&#8211; [et_pb_line_break_holder] &#8211;&gt;&lt;bR&gt;&lt;bR&gt;&lt;!&#8211; [et_pb_line_break_holder] &#8211;&gt;&lt;!&#8211; [et_pb_line_break_holder] &#8211;&gt;&lt;!&#8211; [et_pb_line_break_holder] &#8211;&gt;&lt;!&#8211; [et_pb_line_break_holder] &#8211;&gt;Parkpl\u00e4tze und Fahrradst\u00e4nder stehen unmittelbar vor dem Platz zur Verf\u00fcgung.&lt;!&#8211; [et_pb_line_break_holder] &#8211;&gt;&lt;!&#8211; [et_pb_line_break_holder] &#8211;&gt;&lt;bR&gt;&lt;br&gt;&lt;b&gt;&lt;!&#8211; [et_pb_line_break_holder] &#8211;&gt; &amp;raquo; &lt;a href=&quot;https:\/\/seeburger-sv99.de\/web\/anfahrt\/&quot;&gt;Anfahrt zum Fu\u00dfballplatz&lt;\/a&gt; &lt;\/b&gt;&lt;!&#8211; [et_pb_line_break_holder] &#8211;&gt;&lt;!&#8211; [et_pb_line_break_holder] &#8211;&gt;&lt;br&gt;&lt;bR&gt;&lt;!&#8211; [et_pb_line_break_holder] &#8211;&gt;&lt;img src=&quot;https:\/\/seeburger-sv99.de\/fotoplatza.gif&quot;&gt;&lt;!&#8211; [et_pb_line_break_holder] &#8211;&gt;&lt;!&#8211; [et_pb_line_break_holder] &#8211;&gt;&lt;bR&gt;&lt;bR&gt;&lt;!&#8211; [et_pb_line_break_holder] &#8211;&gt;&lt;!&#8211; [et_pb_line_break_holder] &#8211;&gt;&lt;img src=&quot;https:\/\/seeburger-sv99.de\/fotoplatzb.gif&quot;&gt;&lt;!&#8211; [et_pb_line_break_holder] &#8211;&gt;&lt;!&#8211; [et_pb_line_break_holder] &#8211;&gt;&lt;bR&gt;&lt;bR&gt;&lt;!&#8211; [et_pb_line_break_holder] &#8211;&gt;&lt;!&#8211; [et_pb_line_break_holder] &#8211;&gt;&lt;img src=&quot;https:\/\/seeburger-sv99.de\/fotoplatzc.gif&quot;&gt;&lt;!&#8211; [et_pb_line_break_holder] &#8211;&gt;&lt;!&#8211; [et_pb_line_break_holder] &#8211;&gt;&lt;!&#8211; [et_pb_line_break_holder] &#8211;&gt;&lt;!&#8211; [et_pb_line_break_holder] &#8211;&gt;&lt;!&#8211; [et_pb_line_break_holder] &#8211;&gt;&lt;!&#8211; [et_pb_line_break_holder] &#8211;&gt;&lt;!&#8211; [et_pb_line_break_holder] &#8211;&gt;[\/et_pb_code][\/et_pb_column][et_pb_column type=&#8220;1_3&#8243;][et_pb_sidebar area=&#8220;sidebar-1&#8243; _builder_version=&#8220;3.0.92&#8243; \/][\/et_pb_column][\/et_pb_row][\/et_pb_section]<\/p>\n","protected":false},"excerpt":{"rendered":"<p>[et_pb_section bb_built=&#8220;1&#8243; _builder_version=&#8220;3.0.47&#8243;][et_pb_row _builder_version=&#8220;3.0.47&#8243; background_size=&#8220;initial&#8220; background_position=&#8220;top_left&#8220; background_repeat=&#8220;repeat&#8220;][et_pb_column type=&#8220;2_3&#8243;][et_pb_code _builder_version=&#8220;3.0.92&#8243;]Der Rasenplatz befindet sich am Ortsrand von Seeburg. Das Gro\u00dffeld (95 x 54 m) ist mit einer Flutlichtanlage versehen.&lt;!&#8211; [et_pb_line_break_holder] &#8211;&gt;&lt;br&gt;&lt;bR&gt;&lt;!&#8211; [et_pb_line_break_holder] &#8211;&gt;&lt;img src=&quot;https:\/\/seeburger-sv99.de\/fotoplatz1.gif&quot;&gt;&lt;!&#8211; [et_pb_line_break_holder] &#8211;&gt;&lt;!&#8211; [et_pb_line_break_holder] &#8211;&gt;&lt;bR&gt;&lt;bR&gt;&lt;!&#8211; [et_pb_line_break_holder] &#8211;&gt;&lt;!&#8211; [et_pb_line_break_holder] &#8211;&gt;&lt;!&#8211; [et_pb_line_break_holder] &#8211;&gt;&lt;!&#8211; [et_pb_line_break_holder] &#8211;&gt;&lt;!&#8211; [et_pb_line_break_holder] &#8211;&gt;Zum Umkleiden stehen vier Container f\u00fcr die Spieler zur Verf\u00fcgung. [&hellip;]<\/p>\n","protected":false},"author":1,"featured_media":0,"parent":0,"menu_order":0,"comment_status":"closed","ping_status":"closed","template":"","meta":{"_et_pb_use_builder":"on","_et_pb_old_content":"","_et_gb_content_width":"","footnotes":""},"class_list":["post-1882","page","type-page","status-publish","hentry"],"publishpress_future_action":{"enabled":false,"date":"2026-05-08 15:06:21","action":"change-status","newStatus":"draft","terms":[],"taxonomy":"","extraData":[]},"publishpress_future_workflow_manual_trigger":{"enabledWorkflows":[]},"_links":{"self":[{"href":"https:\/\/seeburger-sv99.de\/web\/wp-json\/wp\/v2\/pages\/1882","targetHints":{"allow":["GET"]}}],"collection":[{"href":"https:\/\/seeburger-sv99.de\/web\/wp-json\/wp\/v2\/pages"}],"about":[{"href":"https:\/\/seeburger-sv99.de\/web\/wp-json\/wp\/v2\/types\/page"}],"author":[{"embeddable":true,"href":"https:\/\/seeburger-sv99.de\/web\/wp-json\/wp\/v2\/users\/1"}],"replies":[{"embeddable":true,"href":"https:\/\/seeburger-sv99.de\/web\/wp-json\/wp\/v2\/comments?post=1882"}],"version-history":[{"count":9,"href":"https:\/\/seeburger-sv99.de\/web\/wp-json\/wp\/v2\/pages\/1882\/revisions"}],"predecessor-version":[{"id":2259,"href":"https:\/\/seeburger-sv99.de\/web\/wp-json\/wp\/v2\/pages\/1882\/revisions\/2259"}],"wp:attachment":[{"href":"https:\/\/seeburger-sv99.de\/web\/wp-json\/wp\/v2\/media?parent=1882"}],"curies":[{"name":"wp","href":"https:\/\/api.w.org\/{rel}","templated":true}]}}