{"id":1892,"date":"2018-02-12T09:31:02","date_gmt":"2018-02-12T08:31:02","guid":{"rendered":"http:\/\/fussball99.de\/web\/?page_id=1892"},"modified":"2023-03-06T14:33:17","modified_gmt":"2023-03-06T13:33:17","slug":"anfahrt","status":"publish","type":"page","link":"https:\/\/seeburger-sv99.de\/web\/anfahrt\/","title":{"rendered":"Anfahrt"},"content":{"rendered":"<p>[et_pb_section fb_built=&#8220;1&#8243; _builder_version=&#8220;3.22&#8243;][et_pb_row column_structure=&#8220;2_3,1_3&#8243; _builder_version=&#8220;3.25&#8243; background_size=&#8220;initial&#8220; background_position=&#8220;top_left&#8220; background_repeat=&#8220;repeat&#8220;][et_pb_column type=&#8220;2_3&#8243; _builder_version=&#8220;3.25&#8243; custom_padding=&#8220;|||&#8220; custom_padding__hover=&#8220;|||&#8220;][et_pb_code]<\/p>\n<h1>Anfahrt Sportplatz Seeburg<\/h1>\n<p>[\/et_pb_code][et_pb_code]<b>Den Platz erreichen Sie \u00fcber folgende Stra\u00dfenz\u00fcge:<\/b><!-- [et_pb_line_break_holder] --><\/p>\n<p><!-- [et_pb_line_break_holder] -->Von der Dallgower Chaussee (<b>L20<\/b>) im Ortsteil Seeburg in die \u00f6stlich in die Dorfstr. einbiegen &#8211;&gt; 2. Stra\u00dfe links ist der Staakener Weg &#8211;&gt; Schild &#8222;Sportplatz&#8220;<!-- [et_pb_line_break_holder] --><\/p>\n<p><!-- [et_pb_line_break_holder] -->Anfahrt <b>B5<\/b> aus Richtung Berliner Ring: Auf der B5 in Richtung Berlin-Spandau. Nach dem Havelpark Dallgow die n\u00e4chste Abfahrt rechts bis zur Ampel. Dann in Richtung Potsdam ca 2 km bis Seeburg. In Seeburg 10 m vor der Ampel nach links. Nach ca. 300 m den Schilder nach links zum Sportplatz folgen.<!-- [et_pb_line_break_holder] --><!-- [et_pb_line_break_holder] --><\/p>\n<p><strong><strong><b class=\"\">Adresse des Seeburger Sportplatz: Staakener Weg 3 f<\/b><\/strong><\/strong><\/p>\n<p><!-- [et_pb_line_break_holder] --><!-- [et_pb_line_break_holder] --><!-- [et_pb_line_break_holder] -->\u00bb <a href=\"https:\/\/maps.google.com\/maps?ll=52.513002,13.128579&amp;z=14&amp;t=m&amp;hl=de-DE&amp;gl=DE&amp;mapclient=embed&amp;cid=14772549177635306378\" target=\"_blank\" rel=\"noopener\">Auf Google Maps ansehen<\/a><!-- [et_pb_line_break_holder] --><\/p>\n<p><strong><strong>[\/et_pb_code][\/et_pb_column][et_pb_column type=&#8220;1_3&#8243; _builder_version=&#8220;3.25&#8243; custom_padding=&#8220;|||&#8220; custom_padding__hover=&#8220;|||&#8220;][et_pb_sidebar area=&#8220;sidebar-1&#8243; _builder_version=&#8220;3.0.92&#8243;][\/et_pb_sidebar][\/et_pb_column][\/et_pb_row][\/et_pb_section]<\/strong><\/strong><\/p>\n","protected":false},"excerpt":{"rendered":"<p>[et_pb_section fb_built=&#8220;1&#8243; _builder_version=&#8220;3.22&#8243;][et_pb_row column_structure=&#8220;2_3,1_3&#8243; _builder_version=&#8220;3.25&#8243; background_size=&#8220;initial&#8220; background_position=&#8220;top_left&#8220; background_repeat=&#8220;repeat&#8220;][et_pb_column type=&#8220;2_3&#8243; _builder_version=&#8220;3.25&#8243; custom_padding=&#8220;|||&#8220; custom_padding__hover=&#8220;|||&#8220;][et_pb_code] Anfahrt Sportplatz Seeburg [\/et_pb_code][et_pb_code]Den Platz erreichen Sie \u00fcber folgende Stra\u00dfenz\u00fcge: Von der Dallgower Chaussee (L20) im Ortsteil Seeburg in die \u00f6stlich in die Dorfstr. einbiegen &#8211;&gt; 2. Stra\u00dfe links ist der Staakener Weg &#8211;&gt; Schild &#8222;Sportplatz&#8220; Anfahrt B5 aus Richtung Berliner Ring: Auf [&hellip;]<\/p>\n","protected":false},"author":1,"featured_media":0,"parent":0,"menu_order":0,"comment_status":"closed","ping_status":"closed","template":"","meta":{"_et_pb_use_builder":"on","_et_pb_old_content":"","_et_gb_content_width":"","footnotes":""},"class_list":["post-1892","page","type-page","status-publish","hentry"],"publishpress_future_action":{"enabled":false,"date":"2026-05-08 00:31:06","action":"change-status","newStatus":"draft","terms":[],"taxonomy":"","extraData":[]},"publishpress_future_workflow_manual_trigger":{"enabledWorkflows":[]},"_links":{"self":[{"href":"https:\/\/seeburger-sv99.de\/web\/wp-json\/wp\/v2\/pages\/1892","targetHints":{"allow":["GET"]}}],"collection":[{"href":"https:\/\/seeburger-sv99.de\/web\/wp-json\/wp\/v2\/pages"}],"about":[{"href":"https:\/\/seeburger-sv99.de\/web\/wp-json\/wp\/v2\/types\/page"}],"author":[{"embeddable":true,"href":"https:\/\/seeburger-sv99.de\/web\/wp-json\/wp\/v2\/users\/1"}],"replies":[{"embeddable":true,"href":"https:\/\/seeburger-sv99.de\/web\/wp-json\/wp\/v2\/comments?post=1892"}],"version-history":[{"count":11,"href":"https:\/\/seeburger-sv99.de\/web\/wp-json\/wp\/v2\/pages\/1892\/revisions"}],"predecessor-version":[{"id":3409,"href":"https:\/\/seeburger-sv99.de\/web\/wp-json\/wp\/v2\/pages\/1892\/revisions\/3409"}],"wp:attachment":[{"href":"https:\/\/seeburger-sv99.de\/web\/wp-json\/wp\/v2\/media?parent=1892"}],"curies":[{"name":"wp","href":"https:\/\/api.w.org\/{rel}","templated":true}]}}