{"id":210,"date":"2017-12-03T22:01:23","date_gmt":"2017-12-03T21:01:23","guid":{"rendered":"http:\/\/fussball99.de\/?page_id=210"},"modified":"2020-11-19T08:23:56","modified_gmt":"2020-11-19T07:23:56","slug":"impressum","status":"publish","type":"page","link":"https:\/\/seeburger-sv99.de\/web\/impressum\/","title":{"rendered":"Impressum"},"content":{"rendered":"<p>[et_pb_section fb_built=&#8220;1&#8243; _builder_version=&#8220;3.22&#8243;][et_pb_row _builder_version=&#8220;3.25&#8243; column_structure=&#8220;2_3,1_3&#8243; width=&#8220;74%&#8220;][et_pb_column type=&#8220;2_3&#8243; _builder_version=&#8220;3.25&#8243; custom_padding=&#8220;|||&#8220; custom_padding__hover=&#8220;|||&#8220;][et_pb_code]<center><!-- [et_pb_line_break_holder] --><\/p>\n<h2>Kontakt \/ Impressum<\/h2>\n<p><bR><!-- [et_pb_line_break_holder] --><!-- [et_pb_line_break_holder] -->Diese Internetseiten ist der offizielle Informationsservice des Seeburger SV &#8217;99 e.V.<bR><!-- [et_pb_line_break_holder] --> <bR><!-- [et_pb_line_break_holder] --> <!-- [et_pb_line_break_holder] --><!-- [et_pb_line_break_holder] -->Anbieterkennzeichnung \/ Herausgeber:<bR><bR><!-- [et_pb_line_break_holder] --><!-- [et_pb_line_break_holder] --><!-- [et_pb_line_break_holder] --><!-- [et_pb_line_break_holder] --><b>Seeburger SV \u00b499 e.V.<\/b><bR><!-- [et_pb_line_break_holder] -->Peter Wersig<bR><!-- [et_pb_line_break_holder] -->Am Rain 1<bR><!-- [et_pb_line_break_holder] -->14624 Dallgow-D\u00f6beritz \/ OT Seeburg<bR><!-- [et_pb_line_break_holder] --><bR><!-- [et_pb_line_break_holder] -->\u00a0<img decoding=\"async\" src=\"https:\/\/www.seeburger-sv99.de\/tel.gif\"> 033201\/ 21007<!-- [et_pb_line_break_holder] --><!-- [et_pb_line_break_holder] --><bR><bR><!-- [et_pb_line_break_holder] --><a class=b href=\"mailto:info@seeburger-sv99.de\">info@seeburger-sv99.de<\/A><bR><BR><!-- [et_pb_line_break_holder] -->FLB-Nr.             261 007<bR><!-- [et_pb_line_break_holder] -->Vereinsregister  5573 P (AG Potsdam)<bR><!-- [et_pb_line_break_holder] -->LSB-Nr.            630148<bR><!-- [et_pb_line_break_holder] --> <bR><!-- [et_pb_line_break_holder] --> <!-- [et_pb_line_break_holder] --><!-- [et_pb_line_break_holder] --><!-- [et_pb_line_break_holder] -->Internetredaktion: Peter Wersig<bR><a class=b href=\"mailto:peter.wersig@seeburger-sv99.de\">peter.wersig@seeburger-sv99.de<\/A><bR><bR><!-- [et_pb_line_break_holder] --><\/center><bR><!-- [et_pb_line_break_holder] --><!-- [et_pb_line_break_holder] -->Unsere Datenschutzerkl\u00e4rung finden Sie <a href=\"https:\/\/seeburger-sv99.de\/web\/datenschutzerklaerung\/\">HIER<\/a><!-- [et_pb_line_break_holder] --><!-- [et_pb_line_break_holder] --><\/p>\n<hr>\n<\/hr>\n<p><!\u2013- [et_pb_br_holder] -\u2013><!-- [et_pb_line_break_holder] --><!-- [et_pb_line_break_holder] --><bR><!-- [et_pb_line_break_holder] --><!-- [et_pb_line_break_holder] --> <!-- [et_pb_line_break_holder] --><\/p>\n<h3>Verlinkung<\/h3>\n<p><!-- [et_pb_line_break_holder] -->Eine Verlinkung ist auf folgende Seiten gestattet: www.seeburger-sv99.de<bR><bR><!-- [et_pb_line_break_holder] --><!-- [et_pb_line_break_holder] -->Der Seeburger SV &#8217;99 e.V. beh\u00e4lt sich das Recht vor, die Erlaubnis einzelnen Seitenbetreibern zu entziehen. Eine Verlinkung ist nicht gestattet<bR>auf Seiten mit pornografischen, gewaltverherrlichenden oder illegalem Inhalt. <!-- [et_pb_line_break_holder] --> <bR><bR><b><!-- [et_pb_line_break_holder] --> F\u00fcr die schnelle Einbindung k\u00f6nnen Sie einfach<bR>den u.a. Code auf Ihre Hompage einf\u00fcgen.<\/b><!-- [et_pb_line_break_holder] --> <!-- [et_pb_line_break_holder] --> <!-- [et_pb_line_break_holder] --> <bR><bR> <bR>   <\/p>\n<table>\n<tr>\n<td><center><img decoding=\"async\" src=\"https:\/\/www.seeburger-sv99.de\/seeburgersv.jpg\" width=120 height=160><bR><bR><!-- [et_pb_line_break_holder] -->                <FORM><textarea name=\"pf-text\" cols=\"40\" rows=\"6\"><!-- [et_pb_line_break_holder] --><!-- Seeburger SV '99 e.V. --><a href=\"https:\/\/www.seeburger-sv99.de\/\" target=\"_blank\" rel=\"noopener noreferrer\"><img decoding=\"async\" src=\"https:\/\/www.seeburger-sv99.de\/seeburgersv.jpg\" width=120 height=160 border=0 Titel=\"Seeburger SV '99 e.V.\" alt=\"Offizielle Seite des Seeburger SV '99 e.V.\"><\/a><!-- [et_pb_line_break_holder] --><!-- Ende Seeburger SV '99 e.V.  --><\/textarea><\/FORM><!-- [et_pb_line_break_holder] -->   <\/center><!-- [et_pb_line_break_holder] --> <!-- [et_pb_line_break_holder] --> <!-- [et_pb_line_break_holder] --> <\/td>\n<\/tr>\n<\/table>\n<p><!-- [et_pb_line_break_holder] --> <bR><bR><\/center><!-- [et_pb_line_break_holder] --><!-- [et_pb_line_break_holder] --><!-- [et_pb_line_break_holder] --> <!-- [et_pb_line_break_holder] --><!-- [et_pb_line_break_holder] --><\/p>\n<hr>\n<\/hr>\n<p><!\u2013- [et_pb_br_holder] -\u2013><bR><!-- [et_pb_line_break_holder] --><!-- [et_pb_line_break_holder] --><\/p>\n<h3>Urheberrecht <\/h3>\n<p><!-- [et_pb_line_break_holder] -->Alle auf dieser Website ver\u00f6ffentlichten Inhalte (Layout, Texte, Bilder, Grafiken usw.) unterliegen dem Urheberrecht. Jede vom Urheberrechtsgesetz nicht zugelassene Verwertung bedarf vorheriger schriftlicher Zustimmung der jeweiligen Anbieter. Dies gilt insbesondere f\u00fcr Vervielf\u00e4ltigung, Bearbeitung, \u00dcbersetzung, Einspeicherung, Verarbeitung bzw. Wiedergabe von Inhalten in Datenbanken oder anderen elektronischen Medien und Systemen. Fotokopien und Downloads von Web-Seiten nur f\u00fcr den pers\u00f6nlichen, privaten und nicht kommerziellen Gebrauch d\u00fcrfen hergestellt werden. <bR><bR><!-- [et_pb_line_break_holder] --><!-- [et_pb_line_break_holder] -->Die unerlaubte Reproduktion oder Weitergabe einzelner Inhalte oder kompletter Seiten wird straf- und zivilrechtlich verfolgt.<bR><bR>\u00a9 2008 &#8211; 2018 Seeburg. Alle Rechte vorbehalten.<!-- [et_pb_line_break_holder] --><bR><bR><!-- [et_pb_line_break_holder] --><!-- [et_pb_line_break_holder] --> <!-- [et_pb_line_break_holder] -->  <!-- [et_pb_line_break_holder] --><\/td>\n<\/tr>\n<\/table>\n<p>[\/et_pb_code][\/et_pb_column][et_pb_column type=&#8220;1_3&#8243; _builder_version=&#8220;3.25&#8243; custom_padding=&#8220;|||&#8220; custom_padding__hover=&#8220;|||&#8220;][et_pb_sidebar area=&#8220;sidebar-1&#8243; _builder_version=&#8220;3.0.92&#8243;][\/et_pb_sidebar][\/et_pb_column][\/et_pb_row][\/et_pb_section]<\/p>\n","protected":false},"excerpt":{"rendered":"<p>[et_pb_section fb_built=&#8220;1&#8243; _builder_version=&#8220;3.22&#8243;][et_pb_row _builder_version=&#8220;3.25&#8243; column_structure=&#8220;2_3,1_3&#8243; width=&#8220;74%&#8220;][et_pb_column type=&#8220;2_3&#8243; _builder_version=&#8220;3.25&#8243; custom_padding=&#8220;|||&#8220; custom_padding__hover=&#8220;|||&#8220;][et_pb_code] Kontakt \/ Impressum Diese Internetseiten ist der offizielle Informationsservice des Seeburger SV &#8217;99 e.V. Anbieterkennzeichnung \/ Herausgeber:Seeburger SV \u00b499 e.V.Peter WersigAm Rain 114624 Dallgow-D\u00f6beritz \/ OT Seeburg\u00a0 033201\/ 21007info@seeburger-sv99.deFLB-Nr. 261 007Vereinsregister 5573 P (AG Potsdam)LSB-Nr. 630148 Internetredaktion: Peter Wersigpeter.wersig@seeburger-sv99.deUnsere Datenschutzerkl\u00e4rung finden Sie HIER Verlinkung Eine [&hellip;]<\/p>\n","protected":false},"author":1,"featured_media":0,"parent":0,"menu_order":0,"comment_status":"closed","ping_status":"closed","template":"","meta":{"_et_pb_use_builder":"on","_et_pb_old_content":"","_et_gb_content_width":"","footnotes":""},"class_list":["post-210","page","type-page","status-publish","hentry"],"publishpress_future_action":{"enabled":false,"date":"2026-05-11 15:20:53","action":"change-status","newStatus":"draft","terms":[],"taxonomy":"","extraData":[]},"publishpress_future_workflow_manual_trigger":{"enabledWorkflows":[]},"_links":{"self":[{"href":"https:\/\/seeburger-sv99.de\/web\/wp-json\/wp\/v2\/pages\/210","targetHints":{"allow":["GET"]}}],"collection":[{"href":"https:\/\/seeburger-sv99.de\/web\/wp-json\/wp\/v2\/pages"}],"about":[{"href":"https:\/\/seeburger-sv99.de\/web\/wp-json\/wp\/v2\/types\/page"}],"author":[{"embeddable":true,"href":"https:\/\/seeburger-sv99.de\/web\/wp-json\/wp\/v2\/users\/1"}],"replies":[{"embeddable":true,"href":"https:\/\/seeburger-sv99.de\/web\/wp-json\/wp\/v2\/comments?post=210"}],"version-history":[{"count":13,"href":"https:\/\/seeburger-sv99.de\/web\/wp-json\/wp\/v2\/pages\/210\/revisions"}],"predecessor-version":[{"id":2973,"href":"https:\/\/seeburger-sv99.de\/web\/wp-json\/wp\/v2\/pages\/210\/revisions\/2973"}],"wp:attachment":[{"href":"https:\/\/seeburger-sv99.de\/web\/wp-json\/wp\/v2\/media?parent=210"}],"curies":[{"name":"wp","href":"https:\/\/api.w.org\/{rel}","templated":true}]}}