{"id":2143,"date":"2018-04-17T17:59:12","date_gmt":"2018-04-17T15:59:12","guid":{"rendered":"http:\/\/seeburger-sv99.de\/web\/?page_id=2143"},"modified":"2026-02-19T06:30:15","modified_gmt":"2026-02-19T05:30:15","slug":"club-der-99er-investieren-in-die-zukunft-der-jugend","status":"publish","type":"page","link":"https:\/\/seeburger-sv99.de\/web\/club-der-99er-investieren-in-die-zukunft-der-jugend\/","title":{"rendered":"Club der 99er &#8211; Investieren in die Zukunft der Jugend"},"content":{"rendered":"<p>[et_pb_section fb_built=&#8220;1&#8243; _builder_version=&#8220;3.22&#8243;][et_pb_row column_structure=&#8220;2_3,1_3&#8243; _builder_version=&#8220;3.25&#8243; background_size=&#8220;initial&#8220; background_position=&#8220;top_left&#8220; background_repeat=&#8220;repeat&#8220; width=&#8220;56%&#8220; max_width=&#8220;56%&#8220; module_alignment=&#8220;center&#8220; use_custom_width=&#8220;on&#8220; width_unit=&#8220;off&#8220; custom_width_percent=&#8220;56%&#8220;][et_pb_column type=&#8220;2_3&#8243; _builder_version=&#8220;3.25&#8243; custom_padding=&#8220;|||&#8220; custom_padding__hover=&#8220;|||&#8220;][et_pb_image src=&#8220;https:\/\/seeburger-sv99.de\/web\/wp-content\/uploads\/2025\/12\/club99-122025.png&#8220; title_text=&#8220;club99-122025&#8243; show_in_lightbox=&#8220;on&#8220; align_tablet=&#8220;center&#8220; align_phone=&#8220;&#8220; align_last_edited=&#8220;on|desktop&#8220; _builder_version=&#8220;4.4.8&#8243;][\/et_pb_image][\/et_pb_column][et_pb_column type=&#8220;1_3&#8243; _builder_version=&#8220;3.25&#8243; custom_padding=&#8220;|||&#8220; custom_padding__hover=&#8220;|||&#8220;][et_pb_text _builder_version=&#8220;4.4.8&#8243; custom_margin=&#8220;|0px||&#8220; custom_padding=&#8220;|0px||-300&#8243; hover_enabled=&#8220;0&#8243;]<\/p>\n<p><strong>Sponsorenclub \u201eClub der 99er\u201c<\/strong><\/p>\n<p>Liebe Freunde des Seeburger SV \u201999 e.V.,<br \/> getreu dem Motto \u201eInvestieren in die Zukunft der Jugend\u201c gr\u00fcndet sich der<br \/> Sponsorenclub \u201eClub der 99er\u201c.<br \/> Gesucht werden 99 Unterst\u00fctzer, die mit Ihrem finanziellen Engagement in H\u00f6he von 99\u20ac den\u00a0Kinder- und Jugendsport des Seeburger SV f\u00f6rdern und beg\u00fcnstigen m\u00f6chten.<\/p>\n<p>Wir setzen auf eine starke und nachhaltige Nachwuchsarbeit, insbesondere durch gut ausgebildete<br \/> Trainer, einer guten Infrastruktur vor Ort und einem attraktiven Sportangebot.<\/p>\n<p><strong>Beitrag und Dauer der Mitgliedschaft:<\/strong><br \/> 99\u20ac f\u00fcr das jeweilige Gesch\u00e4ftsjahr.<\/p>\n<p>Die Mitgliedschaft im Sponsoren-Club endet automatisch zum Jahresende.<\/p>\n<p>Eine K\u00fcndigung ist nicht erforderlich. Weitere Verpflichtungen bestehen nicht.<br \/> Verwendung der Beitr\u00e4ge:<\/p>\n<p>Ihre Spende wird verwendet f\u00fcr:<br \/> &#8211; Ausstattung mit Ball- und Trainingsmaterialien<br \/> &#8211; Personelle Fort- und Weiterbildungsma\u00dfnahmen<br \/> &#8211; Infrastrukturprojekte<br \/> &#8211; Unterst\u00fctzung bei Vereinsfahrten<\/p>\n<blockquote>\n<p>Weitere Informationen:<\/p>\n<p><a href=\"https:\/\/seeburger-sv99.de\/web\/wp-content\/uploads\/2026\/02\/Anschreiben-Club-der-99er.pdf\" target=\"_blank\" rel=\"noopener noreferrer\">Club der 99er<\/a><\/p>\n<\/blockquote>\n<p>[\/et_pb_text][\/et_pb_column][\/et_pb_row][\/et_pb_section]<\/p>\n","protected":false},"excerpt":{"rendered":"<p>[et_pb_section fb_built=&#8220;1&#8243; _builder_version=&#8220;3.22&#8243;][et_pb_row column_structure=&#8220;2_3,1_3&#8243; _builder_version=&#8220;3.25&#8243; background_size=&#8220;initial&#8220; background_position=&#8220;top_left&#8220; background_repeat=&#8220;repeat&#8220; width=&#8220;56%&#8220; max_width=&#8220;56%&#8220; module_alignment=&#8220;center&#8220; use_custom_width=&#8220;on&#8220; width_unit=&#8220;off&#8220; custom_width_percent=&#8220;56%&#8220;][et_pb_column type=&#8220;2_3&#8243; _builder_version=&#8220;3.25&#8243; custom_padding=&#8220;|||&#8220; custom_padding__hover=&#8220;|||&#8220;][et_pb_image src=&#8220;https:\/\/seeburger-sv99.de\/web\/wp-content\/uploads\/2025\/12\/club99-122025.png&#8220; title_text=&#8220;club99-122025&#8243; show_in_lightbox=&#8220;on&#8220; align_tablet=&#8220;center&#8220; align_phone=&#8220;&#8220; align_last_edited=&#8220;on|desktop&#8220; _builder_version=&#8220;4.4.8&#8243;][\/et_pb_image][\/et_pb_column][et_pb_column type=&#8220;1_3&#8243; _builder_version=&#8220;3.25&#8243; custom_padding=&#8220;|||&#8220; custom_padding__hover=&#8220;|||&#8220;][et_pb_text _builder_version=&#8220;4.4.8&#8243; custom_margin=&#8220;|0px||&#8220; custom_padding=&#8220;|0px||-300&#8243; hover_enabled=&#8220;0&#8243;] Sponsorenclub \u201eClub der 99er\u201c Liebe Freunde des Seeburger SV \u201999 e.V., getreu dem Motto \u201eInvestieren in die Zukunft der Jugend\u201c gr\u00fcndet sich [&hellip;]<\/p>\n","protected":false},"author":1,"featured_media":0,"parent":0,"menu_order":0,"comment_status":"closed","ping_status":"closed","template":"","meta":{"_et_pb_use_builder":"on","_et_pb_old_content":"","_et_gb_content_width":"","footnotes":""},"class_list":["post-2143","page","type-page","status-publish","hentry"],"publishpress_future_action":{"enabled":false,"date":"2026-05-08 15:38:52","action":"change-status","newStatus":"draft","terms":[],"taxonomy":"","extraData":[]},"publishpress_future_workflow_manual_trigger":{"enabledWorkflows":[]},"_links":{"self":[{"href":"https:\/\/seeburger-sv99.de\/web\/wp-json\/wp\/v2\/pages\/2143","targetHints":{"allow":["GET"]}}],"collection":[{"href":"https:\/\/seeburger-sv99.de\/web\/wp-json\/wp\/v2\/pages"}],"about":[{"href":"https:\/\/seeburger-sv99.de\/web\/wp-json\/wp\/v2\/types\/page"}],"author":[{"embeddable":true,"href":"https:\/\/seeburger-sv99.de\/web\/wp-json\/wp\/v2\/users\/1"}],"replies":[{"embeddable":true,"href":"https:\/\/seeburger-sv99.de\/web\/wp-json\/wp\/v2\/comments?post=2143"}],"version-history":[{"count":46,"href":"https:\/\/seeburger-sv99.de\/web\/wp-json\/wp\/v2\/pages\/2143\/revisions"}],"predecessor-version":[{"id":3890,"href":"https:\/\/seeburger-sv99.de\/web\/wp-json\/wp\/v2\/pages\/2143\/revisions\/3890"}],"wp:attachment":[{"href":"https:\/\/seeburger-sv99.de\/web\/wp-json\/wp\/v2\/media?parent=2143"}],"curies":[{"name":"wp","href":"https:\/\/api.w.org\/{rel}","templated":true}]}}