{"id":2233,"date":"2018-05-21T20:13:27","date_gmt":"2018-05-21T18:13:27","guid":{"rendered":"https:\/\/seeburger-sv99.de\/web\/?page_id=2233"},"modified":"2020-06-24T00:03:25","modified_gmt":"2020-06-23T22:03:25","slug":"datenschutzerklaerung","status":"publish","type":"page","link":"https:\/\/seeburger-sv99.de\/web\/datenschutzerklaerung\/","title":{"rendered":"Datenschutzerkl\u00e4rung"},"content":{"rendered":"<p>[et_pb_section fb_built=&#8220;1&#8243; _builder_version=&#8220;3.0.47&#8243;][et_pb_row use_custom_width=&#8220;on&#8220; width_unit=&#8220;off&#8220; custom_width_percent=&#8220;82%&#8220; custom_padding=&#8220;0px|4px|0px|0px&#8220; _builder_version=&#8220;3.0.92&#8243; background_size=&#8220;initial&#8220; background_position=&#8220;top_left&#8220; background_repeat=&#8220;repeat&#8220;][et_pb_column type=&#8220;4_4&#8243; _builder_version=&#8220;3.0.47&#8243; parallax=&#8220;off&#8220; parallax_method=&#8220;on&#8220;][et_pb_text _builder_version=&#8220;3.0.92&#8243; inline_fonts=&#8220;Acme&#8220;]<\/p>\n<p><span style=\"font-size: x-large;\"><strong>Datenschutzerkl\u00e4rung \/ Nutzerinformation<\/strong><\/span>\u00a0<\/p>\n<p>des Seeburger SV \u00b499 e.V. gem\u00e4\u00df Datenschutz-Grundverordnung (DS-GVO)<\/p>\n<p>Wir freuen uns \u00fcber den Besuch auf unserer Webseite und \u00fcber Ihr Interesse am Seeburger SV \u00b499 e.V.<br \/> Nachfolgend finden Sie alle Informationen f\u00fcr Mitglieder und Interessierte, die f\u00fcr den Datenschutz und die Benutzung unserer Internet-Seiten gelten.<\/p>\n<ul>\n<li>Informationen zum Datenschutz<\/li>\n<li>Informationen zur Nutzung der Internet-Seiten<\/li>\n<\/ul>\n<p>&nbsp;<\/p>\n<hr \/>\n<p>&nbsp;<\/p>\n<h2><strong>Informationen zum Datenschutz<\/strong><\/h2>\n<h3>\u00a0<\/h3>\n<p><span style=\"font-size: large;\"><strong>1. Informationen zum Datenverarbeiter<\/strong><\/span><\/p>\n<p><strong><\/strong><\/p>\n<p><strong>Verantwortlicher f\u00fcr die Daten<\/strong><\/p>\n<p>Seeburger SV \u00b499 e.V.<\/p>\n<p>Vertreten durch:<br \/> Peter Wersig<br \/> Am Rain 1<br \/> 14624 Dallgow\/ OT Seeburg<\/p>\n<p>E-Mail: <a href=\"mailto:info@seeburger-sv99.de\">info@seeburger-sv99.de<\/a><\/p>\n<p>&nbsp;<\/p>\n<p><span style=\"font-size: large;\"><strong>2. Verarbeitungsrahmen<\/strong><\/span><\/p>\n<p>\u00a0<strong style=\"font-size: 14px;\">Datenkategorien<\/strong><\/p>\n<p>Es werden Daten von Mitgliedern, Interessierten, Sponsoren und Kooperationspartner verarbeitet, sofern diese zur Erf\u00fcllung der satzungsgem\u00e4\u00dfen Vereinszwecke erforderlich sind. Wir teilen Ihnen auf Anforderung gerne mit, welche Ihrer Daten in welchem Verfahren gespeichert werden.<\/p>\n<p>&nbsp;<\/p>\n<p><strong>Datenherkunft<\/strong><\/p>\n<p>Ihre Daten werden zur Erf\u00fcllung der unten genannten Zwecke bei Ihnen direkt erhoben. Bei Passanmeldungen beim Fu\u00dfball erhalten wir Passnummer und Beginn der Spielberechtigung vom FLB.<\/p>\n<p>&nbsp;<\/p>\n<p><strong>Regelfristen zur L\u00f6schung<\/strong><\/p>\n<p>Seitens des Gesetzgebers und des Landessportbundes Brandenburg sind Aufbewahrungspflichten und \u2013fristen vorgegeben. Entsprechende Daten werden nach Ablauf dieser Fristen routinem\u00e4\u00dfig gel\u00f6scht. Des Weiteren werden Daten gel\u00f6scht, sofern die genannten Zwecke weggefallen sind.<\/p>\n<p>&nbsp;<\/p>\n<p><strong>Zwecke und Rechtsgrundlagen der Datenverarbeitung<\/strong><\/p>\n<p>Die von Ihnen bereitgestellten personenbezogene Daten werden zu satzungsgem\u00e4\u00dfen Zwecken und zur Wahrung berechtigter Vereinsinteressen gespeichert und verarbeitet. Wir verarbeiten nur Daten, die zur Mitgliederbetreuung und Vereinsf\u00fchrung notwendig sind.<\/p>\n<h3>\u00a0<span style=\"font-size: 14px;\">\u00a0<\/span><\/h3>\n<p><span style=\"font-size: large;\"><strong>3. Weitergabe der Daten<\/strong><\/span><\/p>\n<p>Eine Weitergabe der Daten erfolgt, soweit eine rechtliche Verpflichtung bei Vorliegen vorrangiger Rechtsvorschriften besteht bzw. in der Abteilung Fu\u00dfball an den Landessportbund Brandenburg zur Beantragung oder der Abmeldung von Spielerp\u00e4ssen.<br \/> Im Rahmen der von uns bestehenden Unfall- und Haftpflichversicherungen werden im Versicherungsfall die von Ihnen in der Schadensmeldung angegebenen Daten der Versicherung zur Schadensregulierung weitergegeben.<\/p>\n<p>Die Trainer bekommen die Kontaktdaten der Spieler\/Sportler ihrer Mannschaft und nutzen diese ausschlie\u00dflich zum Zweck der Mannschaftsf\u00fchrung.<\/p>\n<p>Eine \u00dcbermittlung in Drittl\u00e4nder (au\u00dferhalb EU\/EWR) besteht nicht.<\/p>\n<p>&nbsp;<\/p>\n<p><span style=\"font-size: large;\"><strong>4. Information \u00fcber Betroffenenrechte<\/strong><\/span><\/p>\n<p>Alle Anfragen zu den \u00fcber Sie gespeicherten Daten gem\u00e4\u00df Art. 15 DS-GVO, auch Fragen zur Verarbeitung Ihrer pers\u00f6nlichen Daten, Auskunftsersuchen, Antr\u00e4ge oder Beschwerden richten Sie bitte an<\/p>\n<p>Seeburger SV \u00b499 e.V.<br \/> Vorstand<br \/> Am Rain 1<br \/> 14624 Dallgow\/OT Seeburg<br \/> E-Mail: info@seeburger-sv99.de<\/p>\n<p>Wir teilen Ihnen gerne mit, welche Daten von Ihnen und Ihren minderj\u00e4hrigen Kindern beim Seeburger SV gespeichert sind.<\/p>\n<p>Der Vorstand ist auch Ihr Ansprechpartner f\u00fcr die Wahrnehmung Ihrer Rechte auf Widerspruch, Berichtigung, L\u00f6schung, Einschr\u00e4nkung der Verarbeitung und Datenportabilit\u00e4t.<\/p>\n<p>\u00a0<span style=\"font-size: 14px;\">\u00a0<\/span><\/p>\n<p><b>Widerspruch<\/b><\/p>\n<p>Wenn die Verarbeitung Ihrer Daten auf Einwilligung beruht, so haben Sie das Recht diese Einwilligung jederzeit f\u00fcr die Zukunft zu widerrufen.<\/p>\n<p>Sie k\u00f6nnen der Verwendung Ihrer Daten f\u00fcr Werbezwecke des Seeburger SV \u00b499 e.V. jederzeit unter info@seeburger-sv99.de oder per Post widersprechen.<\/p>\n<p>\u00a0<span style=\"font-size: 14px;\">\u00a0<\/span><\/p>\n<p><strong>Aufsichtsbeh\u00f6rde\u00a0<\/strong><strong>f\u00fcr Beschwerden <\/strong><\/p>\n<p>Landesbeauftragte f\u00fcr den Datenschutz und f\u00fcr das Recht auf Akteneinsicht Brandenburg<\/p>\n<p>Adresse: Stahnsdorfer Damm 77, 14532 Kleinmachnow<\/p>\n<p>&nbsp;<\/p>\n<hr \/>\n<p>&nbsp;<\/p>\n<h2><strong>Information zur Nutzung der Internet-Seiten<\/strong><\/h2>\n<p><strong><\/strong><\/p>\n<h2><span style=\"font-size: large;\"><strong>Verarbeitung personenbezogener Daten<\/strong><\/span><\/h2>\n<p><strong><\/strong><\/p>\n<p>Bei jedem Aufruf unserer Website werden automatisch die folgenden Informationen an den Server unserer Website \u00fcbertragen und tempor\u00e4r in Logfiles gespeichert:<span style=\"font-size: 14px;\">\u00a0<\/span><\/p>\n<ul>\n<li>IP-Adresse Ihres Endger\u00e4ts,<\/li>\n<li>Datum und Uhrzeit des Zugriffs,<\/li>\n<li>Name und URL der abgerufenen Datei,<\/li>\n<li>Zugriffsstatus\/http-Statuscode,<\/li>\n<li>jeweils \u00fcbertragene Datenmenge<\/li>\n<li>Referrer-URL (die zuvor besuchte Seite),<\/li>\n<li>Browser-Typ\/-Version und<\/li>\n<li>ggf. Name und Version Ihres Betriebssystems.<\/li>\n<\/ul>\n<p>\u00a0<span style=\"font-size: 14px;\">\u00a0<\/span><\/p>\n<p><strong>Beantwortung von Anfragen<\/strong><\/p>\n<p><span style=\"font-size: 14px;\">Bei Ihrer Kontaktaufnahme mit uns, beispielsweise per E-Mail, \u00fcber ein Kontaktformular oder die Funktion &#8222;Fehler melden&#8220; werden die von Ihnen mitgeteilten Daten (Name, E-Mail-Adresse, ggf. weitere Angaben) von uns verarbeitet, um Ihre Anfrage zu beantworten.<\/span><strong><\/strong><\/p>\n<p>\u00a0<span style=\"font-size: 14px;\">Die Datenverarbeitung erfolgt nach Art. 6 Abs. 1 S. 1 lit. b DSGVO. Die von uns erhobenen Sie betreffenden personenbezogenen Daten werden nach Beantwortung Ihrer Anfrage solange gespeichert, wie wir aufgrund steuer- und handelsrechtlicher Vorschriften zur Aufbewahrung verpflichtet sind. Anschlie\u00dfend werden die Daten gel\u00f6scht, es sei denn, Sie haben in eine dar\u00fcberhinausgehende Speicherung nach Art. 6 Abs. 1 Satz 1 lit. a DSGVO eingewilligt.<\/span><\/p>\n<p><a href=\"http:\/\/www.dataliberation.org\/\" style=\"font-size: 14px;\"><\/a><span style=\"font-size: 14px;\">\u00a0<\/span><span style=\"font-size: 14px;\">\u00a0<\/span><strong><\/strong><\/p>\n<p><strong>Verwendung von Cockies<\/strong><\/p>\n<div class=\"text-wrap\">\n<p align=\"justify\">Wir setzen auf unserer Website f\u00fcr einzelne Funktionen \u201eCookies\u201c ein. Dabei handelt es sich um kleine Textdateien, die auf Ihrem Endger\u00e4t gespeichert werden.<\/p>\n<p align=\"justify\">Zum einen verwenden wir sogenannte Session-Cookies, um erkennen zu k\u00f6nnen, welche Unterseiten Sie bereits besucht haben, und Ihnen Funktionen wie Login, Suchfunktion, Warenkorb etc. anbieten zu k\u00f6nnen. In dem Cookie wird eine individuell f\u00fcr Ihren Besuch vergebene Session-ID gespeichert. Session-Cookies werden nach dem Verlassen unserer Website automatisch gel\u00f6scht.<\/p>\n<p align=\"justify\">Ferner setzen wir tempor\u00e4re Cookies ein, um die Benutzerfreundlichkeit unserer Website zu optimieren.<\/p>\n<p align=\"justify\">Selbstverst\u00e4ndlich kann unsere Website auch ohne Cookies genutzt werden. Das Speichern von Cookies k\u00f6nnen Sie verhindern, indem Sie auf Ihrem Computer die Browser-Einstellungen &#8222;keine Cookies akzeptieren&#8220; ausw\u00e4hlen. Wie das im Einzelnen funktioniert, ist in der Anleitung Ihres Browsers beschreiben. Die Deaktivierung von Cookies kann allerdings zu Funktionseinschr\u00e4nkungen unserer Website f\u00fchren.<\/p>\n<p align=\"justify\">Die Datenverarbeitung durch den Einsatz von Cookies erfolgt auf Grundlage von Art. 6 Abs. 1 S. 1 lit. f DSGVO.<\/p>\n<p align=\"justify\">Einstellung Ihrer Cookie-Zustimmung: <a href=\"..\/cookie-richtlinie\/\">Cookie-Richtlinie<\/a><\/p>\n<\/div>\n<p>&nbsp;<\/p>\n<p><strong>Verwendung von Social Plug-ins<\/strong><\/p>\n<p>Wir verwenden keine direkten Social Plug-ins. Sollten Sie auf das &#8222;Facebook&#8220;-Logo, welches auf unserer Seite integriert ist, dr\u00fccken, gelangen Sie direkt auf unsere Vorstellungsseite beim Anbieter &#8222;Facebook&#8220; (1601 South California Avenue, Palo Alto, CA 94304, USA).<\/p>\n<p>Informationen zu den Datenschutzbestimmungen, dem Zweck und Umfang der Datenerfassung und Datenverarbeitung sowie den Einstellm\u00f6glichkeiten zum Schutz der Privatsph\u00e4re bei Facebook erhalten Sie hier: <a href=\"http:\/\/www.facebook.com\/privacy\/explanation.php\">http:\/\/www.facebook.com\/privacy\/explanation.php<\/a>.<\/p>\n<p>\u00a0<span style=\"font-size: 14px;\">\u00a0<\/span><\/p>\n<p><span style=\"font-family: inherit; font-weight: normal;\"><strong>Datensicherheit<\/strong><\/span><\/p>\n<p>Alle sensiblen Daten werden durch digitale Sicherheitssysteme \u00fcber ein SSL-Zertifikat verschl\u00fcsselt \u00fcbertragen. Unsere Website und die gespeicherten personenbezogenen Daten sind weiterhin durch technische und organisatorische Sicherheitsma\u00dfnahmen gegen zuf\u00e4llige oder vors\u00e4tzliche Manipulationen, teilweisen oder vollst\u00e4ndigen Verlust oder unberechtigten Zugriff gesch\u00fctzt.<\/p>\n<p>\u00a0<span style=\"font-size: 14px;\">\u00a0<\/span><\/p>\n<p><b>Hosting<\/b><\/p>\n<p>F\u00fcr den Betrieb dieser Webseite mieten wir einen Server bei einem von uns beauftragten Dienstleister:<\/p>\n<p>ALL-INKL.COM | Hauptstra\u00dfe 68 | D-02742 Friedersdorf | Deutschland<br \/> Datenschutz: <a href=\"https:\/\/all-inkl.com\/datenschutz\/\">Datenschutzerkl\u00e4rung<\/a><\/p>\n<p>Unser Dienstleister hat keine regul\u00e4re Zugriffsm\u00f6glichkeit auf den angemieteten Server.<\/p>\n<p>\u00a0<span style=\"font-size: 14px;\">\u00a0<\/span><\/p>\n<p><strong>Aktualit\u00e4t und \u00c4nderung dieser Datenschutzerkl\u00e4rung<\/strong><\/p>\n<p>Diese Datenschutzerkl\u00e4rung hat den Stand Mai 2018. Wir behalten uns vor, diese Datenschutzerkl\u00e4rung aufgrund von Anpassungen und Erweiterungen unserer Website sowie ge\u00e4nderter gesetzlicher oder beh\u00f6rdlicher Vorgaben mit Wirkung f\u00fcr die Zukunft anzupassen. Die jeweils aktuelle Datenschutzerkl\u00e4rung k\u00f6nnen Sie \u00fcber unsere Website abrufen.<\/p>\n<p><strong><\/strong><\/p>\n<p><strong><\/strong><\/p>\n<p>[\/et_pb_text][\/et_pb_column][\/et_pb_row][\/et_pb_section]<\/p>\n","protected":false},"excerpt":{"rendered":"<p>[et_pb_section fb_built=&#8220;1&#8243; _builder_version=&#8220;3.0.47&#8243;][et_pb_row use_custom_width=&#8220;on&#8220; width_unit=&#8220;off&#8220; custom_width_percent=&#8220;82%&#8220; custom_padding=&#8220;0px|4px|0px|0px&#8220; _builder_version=&#8220;3.0.92&#8243; background_size=&#8220;initial&#8220; background_position=&#8220;top_left&#8220; background_repeat=&#8220;repeat&#8220;][et_pb_column type=&#8220;4_4&#8243; _builder_version=&#8220;3.0.47&#8243; parallax=&#8220;off&#8220; parallax_method=&#8220;on&#8220;][et_pb_text _builder_version=&#8220;3.0.92&#8243; inline_fonts=&#8220;Acme&#8220;] Datenschutzerkl\u00e4rung \/ Nutzerinformation\u00a0 des Seeburger SV \u00b499 e.V. gem\u00e4\u00df Datenschutz-Grundverordnung (DS-GVO) Wir freuen uns \u00fcber den Besuch auf unserer Webseite und \u00fcber Ihr Interesse am Seeburger SV \u00b499 e.V. Nachfolgend finden Sie alle Informationen f\u00fcr Mitglieder und Interessierte, [&hellip;]<\/p>\n","protected":false},"author":1,"featured_media":0,"parent":0,"menu_order":0,"comment_status":"closed","ping_status":"closed","template":"","meta":{"_et_pb_use_builder":"on","_et_pb_old_content":"","_et_gb_content_width":"","footnotes":""},"class_list":["post-2233","page","type-page","status-publish","hentry"],"publishpress_future_action":{"enabled":false,"date":"2026-04-17 11:29:26","action":"change-status","newStatus":"draft","terms":[],"taxonomy":"","extraData":[]},"publishpress_future_workflow_manual_trigger":{"enabledWorkflows":[]},"_links":{"self":[{"href":"https:\/\/seeburger-sv99.de\/web\/wp-json\/wp\/v2\/pages\/2233","targetHints":{"allow":["GET"]}}],"collection":[{"href":"https:\/\/seeburger-sv99.de\/web\/wp-json\/wp\/v2\/pages"}],"about":[{"href":"https:\/\/seeburger-sv99.de\/web\/wp-json\/wp\/v2\/types\/page"}],"author":[{"embeddable":true,"href":"https:\/\/seeburger-sv99.de\/web\/wp-json\/wp\/v2\/users\/1"}],"replies":[{"embeddable":true,"href":"https:\/\/seeburger-sv99.de\/web\/wp-json\/wp\/v2\/comments?post=2233"}],"version-history":[{"count":34,"href":"https:\/\/seeburger-sv99.de\/web\/wp-json\/wp\/v2\/pages\/2233\/revisions"}],"predecessor-version":[{"id":2833,"href":"https:\/\/seeburger-sv99.de\/web\/wp-json\/wp\/v2\/pages\/2233\/revisions\/2833"}],"wp:attachment":[{"href":"https:\/\/seeburger-sv99.de\/web\/wp-json\/wp\/v2\/media?parent=2233"}],"curies":[{"name":"wp","href":"https:\/\/api.w.org\/{rel}","templated":true}]}}